{"id":1000,"date":"2022-09-08T08:52:41","date_gmt":"2022-09-08T08:52:41","guid":{"rendered":"http:\/\/kanzlei-lvs.de\/?page_id=1000"},"modified":"2023-02-03T15:02:31","modified_gmt":"2023-02-03T15:02:31","slug":"datenschutzerklaerung","status":"publish","type":"page","link":"https:\/\/kanzlei-lvs.de\/en\/datenschutzerklaerung\/","title":{"rendered":"Data Protection"},"content":{"rendered":"<div data-elementor-type=\"wp-page\" data-elementor-id=\"1000\" class=\"elementor elementor-1000\" data-elementor-post-type=\"page\">\n\t\t\t\t\t\t<section class=\"elementor-section elementor-top-section elementor-element elementor-element-7fda51d elementor-section-boxed elementor-section-height-default elementor-section-height-default\" data-id=\"7fda51d\" data-element_type=\"section\" data-e-type=\"section\">\n\t\t\t\t\t\t<div class=\"elementor-container elementor-column-gap-default\">\n\t\t\t\t\t<div class=\"elementor-column elementor-col-100 elementor-top-column elementor-element elementor-element-d7b40f5\" data-id=\"d7b40f5\" data-element_type=\"column\" data-e-type=\"column\">\n\t\t\t<div class=\"elementor-widget-wrap elementor-element-populated\">\n\t\t\t\t\t\t<div class=\"elementor-element elementor-element-a992540 elementor-widget elementor-widget-heading\" data-id=\"a992540\" data-element_type=\"widget\" data-e-type=\"widget\" data-widget_type=\"heading.default\">\n\t\t\t\t<div class=\"elementor-widget-container\">\n\t\t\t\t\t<h2 class=\"elementor-heading-title elementor-size-default\">Data Protection<\/h2>\t\t\t\t<\/div>\n\t\t\t\t<\/div>\n\t\t\t\t<div class=\"elementor-element elementor-element-f31185e elementor-widget elementor-widget-text-editor\" data-id=\"f31185e\" data-element_type=\"widget\" data-e-type=\"widget\" data-widget_type=\"text-editor.default\">\n\t\t\t\t<div class=\"elementor-widget-container\">\n\t\t\t\t\t\t\t\t\t<p>Der Schutz Ihrer personenbezogenen Daten ist uns ein wichtiges Anliegen. Nachfolgend m\u00f6chten wir Sie dar\u00fcber informieren, welche personenbezogenen Daten bei Nutzung unserer Internetseite erhoben und im weiteren Verlauf verarbeitet oder genutzt werden.<\/p>\n<p><br><b>I. Namen und Kontaktdaten der verantwortlichen Stellen<\/b><br>Verantwortlicher nach der EU-Datenschutz-Grundverordnung (nachfolgend: DSGVO) ist die<br>Langrock Vo\u00df &amp; Soyka Partnerschaft von Rechtsanw\u00e4lten<br>Gro\u00dfe Johannisstra\u00dfe 7<br>20457 Hamburg<\/p>\n<p>E-Mail: info@kanzlei-lvs.de&nbsp;\u2028<br><span style=\"font-family: var( --e-global-typography-text-font-family ), Sans-serif; font-size: var( --e-global-typography-text-font-size ); font-weight: var( --e-global-typography-text-font-weight );\">Telefon: +49 (0)40 \u2013 3750326 \u2013 0 \u2028<br>Fax: +49 (0)40 \u2013 3750326 \u2013 20<\/span><\/p>\n<p>Fragen oder Anmerkungen zu dieser Datenschutzerkl\u00e4rung oder allgemein zum Datenschutz auf dieser Website richten Sie bitte vertraulich per Post an unseren Datenschutzbeauftragten unter:<\/p>\n<p>Datenschutzbeauftragter<br>c\/o Langrock Vo\u00df &amp; Soyka<br>Gro\u00dfe Johannisstra\u00dfe 7<br>20457 Hamburg<\/p>\n<p>Die nachstehenden Informationen zur Datenverarbeitung beziehen sich auf den Besuch unserer Website.<\/p>\n<p><b>II. Erstellung von Logfiles zur Bereitstellung der Website<\/b><br>Beim Besuch dieser Website werden keine personenbezogenen Daten der Websitebesucher gespeichert, damit keine R\u00fcckschl\u00fcsse auf die einzelnen Besucher gezogen werden k\u00f6nnen. Bei jedem Aufruf unserer Internetseite sendet Ihr Browser technisch bedingt bestimmte Informationen an den Server unserer Website. Diese Daten werden in sog. Logfiles unseres Hosting-Anbieters gespeichert.<br>Es werden folgende Daten erhoben und in einer Protokolldatei gespeichert:<br>\u2022 Referrer (zuvor besuchte Webseite)<br>\u2022 Angeforderte Webseite oder Datei<br>\u2022 Browsertyp und Browserversion<br>\u2022 Verwendetes Betriebssystem<br>\u2022 Verwendeter Ger\u00e4tetyp<br>\u2022 Uhrzeit des Zugriffs<br>\u2022 IP-Adresse in anonymisierter Form (wird nur zur Feststellung des Orts des Zugriffs verwendet)<br>Diese Daten werden ausschlie\u00dflich zur statistischen Auswertung und zur technischen Optimierung des Webangebots erhoben. Weder werden die Daten an Dritte weitergegeben, noch findet ein Transfer der Besucherdaten in Drittstaaten au\u00dferhalb der EU statt. Die Daten werden nach 8 Wochen wieder gel\u00f6scht.<\/p>\n<p>Wir hosten die Inhalte unserer Website bei folgendem Anbieter:<\/p>\n<p>IONOS SE<br>Elgendorfer Str. 57<br>56410 Montabaur<\/p>\n<p>Rechtsgrundlage f\u00fcr die vor\u00fcbergehende Speicherung der Daten ist Art.&nbsp;6 Abs.&nbsp;1 lit.&nbsp;f DSGVO<\/p>\n<p><b>III. Analysetools<\/b><\/p>\n<p>Wir setzen auf unserer Website keine Analysetools (Google Analytics o.\u00e4.) ein.<\/p>\n<p><b>IV. Einsatz von Cookies<\/b><br><span style=\"font-family: var( --e-global-typography-text-font-family ), Sans-serif; font-size: var( --e-global-typography-text-font-size ); font-weight: var( --e-global-typography-text-font-weight );\">Beim Aufruf der Website werden so genannte tempor\u00e4re Cookies verwendet, um die Navigation zu erleichtern. Diese sog. Session Cookies beinhalten keine personenbezogenen Daten und verfallen nach Ablauf der Sitzung. Techniken, wie zum Beispiel Java-Applets oder Active-X-Controls, die es erm\u00f6glichen, das Zugriffsverhalten der Nutzer nachzuvollziehen, werden nicht eingesetzt. Cookies sind kleine Textdateien, die eine Website auf dem Computer eines Websitebesuchers ablegen, also lokal speichern kann.<\/span><\/p>\n<p>Sie k\u00f6nnen die Installation von Cookies verhindern, indem Sie die Installation der Cookies durch eine entsprechende Einstellung oder Add-Ons in Ihrem Browser unterbinden. Wir weisen jedoch darauf hin, dass Sie in diesem Fall die Nutzbarkeit der Website eingeschr\u00e4nkt sein kann.<\/p>\n<p>Die Rechtsgrundlage f\u00fcr die Verarbeitung personenbezogener Daten unter Verwendung solcher Cookies ist Art. 6 Abs. 1 lit. f DSGVO.]<\/p>\n<p><b>V. Google Fonts<\/b><\/p>\n<p>Wir verwenden zur Darstellung der Schriften auf unserer Webseite Google-Fonts.<\/p>\n<p>Dies ist ein Dienst der Firma Google (Dienstanbieter: Google Ireland Limited, Gordon House, Barrow Street, Dublin 4, Irland. Muttergesellschaft: Google LLC 1600 Amphitheatre Parkway Mountain View, CA 94043, USA), welcher keine Cookies setzt.<\/p>\n<p>Die Verwendung der Google-Fonts dient allein zu Zwecken der Darstellung der Schriftarten auf unserer Webseite und damit aus unserem berechtigten Interesse an einer technisch sicheren, wartungsfreien und effizienten Nutzung von Schriftarten, deren einheitlicher Darstellung sowie unter Ber\u00fccksichtigung m\u00f6glicher lizenzrechtlicher Restriktionen f\u00fcr deren Einbindung. Wenngleich das Tool keine Cookies nutzt, werden jedoch Ihre Meta-\/Kommunikationsdaten (IP-Adresse, ggf. Ger\u00e4te-Informationen) an Google \u00fcbermittelt, da dies zum Abruf der Schriften technisch notwendig ist. Weitere Informationen finden Sie in der Datenschutzerkl\u00e4rung von Google: <a href=\"https:\/\/policies.google.com\/privacy\">https:\/\/policies.google.com\/privacy<\/a><\/p>\n<p>Rechtsgrundlage f\u00fcr die Nutzung der Daten ist Art. 6 Abs.&nbsp;1 lit. f DSGVO.]<\/p>\n<p><b>VI. Verarbeitung von Daten bei Nutzung des Kontaktformulars<\/b><\/p>\n<p>Wenn Sie das Kontaktformular auf unserer Internetseite nutzen, werden folgende Daten an uns \u00fcbermittelt und gespeichert:<\/p>\n<p>\u2022 Name<br>\u2022 E-Mail-Adresse<br>\u2022 Ihre Nachricht an uns<\/p>\n<p>Die Verarbeitung der personenbezogenen Daten dient allein zur Bearbeitung Ihrer Kontaktaufnahme.<\/p>\n<p>Die Rechtsgrundlage unterscheidet sich je nach Anfrageinhalt. Bei rein informatorischen Anfragen erfolgt die Datenverarbeitung auf Grundlage Ihrer (mutma\u00dflichen) Einwilligung nach Art. 6 Abs. 1 lit. a DSGVO. Zielt die Kontaktaufnahme auf den Abschluss eines Vertrages ab, ist Art. 6 Abs. 1 lit. b DSGVO eine zus\u00e4tzliche Rechtsgrundlage.<\/p>\n<p><b>VII. Rechte der betroffenen Person<\/b><br>Sie k\u00f6nnen nach Ma\u00dfgabe der gesetzlichen Vorschriften die folgenden unentgeltlichen Rechte gegen\u00fcber dem Verantwortlichen der Datenverarbeitung geltend machen:<\/p>\n<p>\u2022 Recht auf Widerruf der Einwilligung (Art. 7 DSGVO)<br>\u2022 Recht auf Auskunft (Art. 15 DSGVO);<br>\u2022 Recht auf Berichtigung oder L\u00f6schung (Art. 16 und Art. 17 DSGVO);<br>\u2022 Recht auf Einschr\u00e4nkung der Verarbeitung (Art. 18 DSGVO);<br>\u2022 Recht auf Daten\u00fcbertragbarkeit (Art. 20 DSGVO);<br>\u2022 Recht auf Widerspruch gegen die Verarbeitung (Art. 21 DSGVO).<\/p>\n<p>Sie haben zudem das Recht, sich bei einer Datenschutz-Aufsichtsbeh\u00f6rde \u00fcber die Verarbeitung Ihrer personenbezogenen Daten durch den Verantwortlichen zu beschweren.<\/p>\t\t\t\t\t\t\t\t<\/div>\n\t\t\t\t<\/div>\n\t\t\t\t\t<\/div>\n\t\t<\/div>\n\t\t\t\t\t<\/div>\n\t\t<\/section>\n\t\t\t\t<\/div>","protected":false},"excerpt":{"rendered":"<p>Datenschutzerkl\u00e4rung Der Schutz Ihrer personenbezogenen Daten ist uns ein wichtiges Anliegen. Nachfolgend m\u00f6chten wir Sie dar\u00fcber informieren, welche personenbezogenen Daten bei Nutzung unserer Internetseite erhoben und im weiteren Verlauf verarbeitet oder genutzt werden. I. Namen und Kontaktdaten der verantwortlichen StellenVerantwortlicher nach der EU-Datenschutz-Grundverordnung (nachfolgend: DSGVO) ist dieLangrock Vo\u00df &amp; Soyka Partnerschaft von Rechtsanw\u00e4ltenGro\u00dfe Johannisstra\u00dfe 720457 [&hellip;]<\/p>\n","protected":false},"author":1,"featured_media":0,"parent":0,"menu_order":0,"comment_status":"closed","ping_status":"closed","template":"","meta":{"_acf_changed":false,"footnotes":""},"class_list":["post-1000","page","type-page","status-publish","hentry"],"acf":[],"yoast_head":"<!-- This site is optimized with the Yoast SEO plugin v27.4 - https:\/\/yoast.com\/product\/yoast-seo-wordpress\/ -->\n<title>Datenschutzerkl\u00e4rung - Kanzlei LVS<\/title>\n<meta name=\"robots\" content=\"index, follow, max-snippet:-1, max-image-preview:large, max-video-preview:-1\" \/>\n<link rel=\"canonical\" href=\"https:\/\/kanzlei-lvs.de\/en\/datenschutzerklaerung\/\" \/>\n<meta property=\"og:locale\" content=\"en_GB\" \/>\n<meta property=\"og:type\" content=\"article\" \/>\n<meta property=\"og:title\" content=\"Datenschutzerkl\u00e4rung - Kanzlei LVS\" \/>\n<meta property=\"og:description\" content=\"Datenschutzerkl\u00e4rung Der Schutz Ihrer personenbezogenen Daten ist uns ein wichtiges Anliegen. Nachfolgend m\u00f6chten wir Sie dar\u00fcber informieren, welche personenbezogenen Daten bei Nutzung unserer Internetseite erhoben und im weiteren Verlauf verarbeitet oder genutzt werden. I. Namen und Kontaktdaten der verantwortlichen StellenVerantwortlicher nach der EU-Datenschutz-Grundverordnung (nachfolgend: DSGVO) ist dieLangrock Vo\u00df &amp; Soyka Partnerschaft von Rechtsanw\u00e4ltenGro\u00dfe Johannisstra\u00dfe 720457 [&hellip;]\" \/>\n<meta property=\"og:url\" content=\"https:\/\/kanzlei-lvs.de\/en\/datenschutzerklaerung\/\" \/>\n<meta property=\"og:site_name\" content=\"Kanzlei LVS\" \/>\n<meta property=\"article:modified_time\" content=\"2023-02-03T15:02:31+00:00\" \/>\n<meta name=\"twitter:card\" content=\"summary_large_image\" \/>\n<meta name=\"twitter:label1\" content=\"Estimated reading time\" \/>\n\t<meta name=\"twitter:data1\" content=\"4 minutes\" \/>\n<script type=\"application\/ld+json\" class=\"yoast-schema-graph\">{\"@context\":\"https:\\\/\\\/schema.org\",\"@graph\":[{\"@type\":\"WebPage\",\"@id\":\"https:\\\/\\\/kanzlei-lvs.de\\\/datenschutzerklaerung\\\/\",\"url\":\"https:\\\/\\\/kanzlei-lvs.de\\\/datenschutzerklaerung\\\/\",\"name\":\"Datenschutzerkl\u00e4rung - Kanzlei LVS\",\"isPartOf\":{\"@id\":\"https:\\\/\\\/kanzlei-lvs.de\\\/#website\"},\"datePublished\":\"2022-09-08T08:52:41+00:00\",\"dateModified\":\"2023-02-03T15:02:31+00:00\",\"breadcrumb\":{\"@id\":\"https:\\\/\\\/kanzlei-lvs.de\\\/datenschutzerklaerung\\\/#breadcrumb\"},\"inLanguage\":\"en-GB\",\"potentialAction\":[{\"@type\":\"ReadAction\",\"target\":[\"https:\\\/\\\/kanzlei-lvs.de\\\/datenschutzerklaerung\\\/\"]}]},{\"@type\":\"BreadcrumbList\",\"@id\":\"https:\\\/\\\/kanzlei-lvs.de\\\/datenschutzerklaerung\\\/#breadcrumb\",\"itemListElement\":[{\"@type\":\"ListItem\",\"position\":1,\"name\":\"Home\",\"item\":\"https:\\\/\\\/kanzlei-lvs.de\\\/\"},{\"@type\":\"ListItem\",\"position\":2,\"name\":\"Datenschutzerkl\u00e4rung\"}]},{\"@type\":\"WebSite\",\"@id\":\"https:\\\/\\\/kanzlei-lvs.de\\\/#website\",\"url\":\"https:\\\/\\\/kanzlei-lvs.de\\\/\",\"name\":\"Kanzlei LVS\",\"description\":\"\",\"potentialAction\":[{\"@type\":\"SearchAction\",\"target\":{\"@type\":\"EntryPoint\",\"urlTemplate\":\"https:\\\/\\\/kanzlei-lvs.de\\\/?s={search_term_string}\"},\"query-input\":{\"@type\":\"PropertyValueSpecification\",\"valueRequired\":true,\"valueName\":\"search_term_string\"}}],\"inLanguage\":\"en-GB\"}]}<\/script>\n<!-- \/ Yoast SEO plugin. -->","yoast_head_json":{"title":"Datenschutzerkl\u00e4rung - Kanzlei LVS","robots":{"index":"index","follow":"follow","max-snippet":"max-snippet:-1","max-image-preview":"max-image-preview:large","max-video-preview":"max-video-preview:-1"},"canonical":"https:\/\/kanzlei-lvs.de\/en\/datenschutzerklaerung\/","og_locale":"en_GB","og_type":"article","og_title":"Datenschutzerkl\u00e4rung - Kanzlei LVS","og_description":"Datenschutzerkl\u00e4rung Der Schutz Ihrer personenbezogenen Daten ist uns ein wichtiges Anliegen. Nachfolgend m\u00f6chten wir Sie dar\u00fcber informieren, welche personenbezogenen Daten bei Nutzung unserer Internetseite erhoben und im weiteren Verlauf verarbeitet oder genutzt werden. I. Namen und Kontaktdaten der verantwortlichen StellenVerantwortlicher nach der EU-Datenschutz-Grundverordnung (nachfolgend: DSGVO) ist dieLangrock Vo\u00df &amp; Soyka Partnerschaft von Rechtsanw\u00e4ltenGro\u00dfe Johannisstra\u00dfe 720457 [&hellip;]","og_url":"https:\/\/kanzlei-lvs.de\/en\/datenschutzerklaerung\/","og_site_name":"Kanzlei LVS","article_modified_time":"2023-02-03T15:02:31+00:00","twitter_card":"summary_large_image","twitter_misc":{"Estimated reading time":"4 minutes"},"schema":{"@context":"https:\/\/schema.org","@graph":[{"@type":"WebPage","@id":"https:\/\/kanzlei-lvs.de\/datenschutzerklaerung\/","url":"https:\/\/kanzlei-lvs.de\/datenschutzerklaerung\/","name":"Datenschutzerkl\u00e4rung - Kanzlei LVS","isPartOf":{"@id":"https:\/\/kanzlei-lvs.de\/#website"},"datePublished":"2022-09-08T08:52:41+00:00","dateModified":"2023-02-03T15:02:31+00:00","breadcrumb":{"@id":"https:\/\/kanzlei-lvs.de\/datenschutzerklaerung\/#breadcrumb"},"inLanguage":"en-GB","potentialAction":[{"@type":"ReadAction","target":["https:\/\/kanzlei-lvs.de\/datenschutzerklaerung\/"]}]},{"@type":"BreadcrumbList","@id":"https:\/\/kanzlei-lvs.de\/datenschutzerklaerung\/#breadcrumb","itemListElement":[{"@type":"ListItem","position":1,"name":"Home","item":"https:\/\/kanzlei-lvs.de\/"},{"@type":"ListItem","position":2,"name":"Datenschutzerkl\u00e4rung"}]},{"@type":"WebSite","@id":"https:\/\/kanzlei-lvs.de\/#website","url":"https:\/\/kanzlei-lvs.de\/","name":"Kanzlei LVS","description":"","potentialAction":[{"@type":"SearchAction","target":{"@type":"EntryPoint","urlTemplate":"https:\/\/kanzlei-lvs.de\/?s={search_term_string}"},"query-input":{"@type":"PropertyValueSpecification","valueRequired":true,"valueName":"search_term_string"}}],"inLanguage":"en-GB"}]}},"_links":{"self":[{"href":"https:\/\/kanzlei-lvs.de\/en\/wp-json\/wp\/v2\/pages\/1000","targetHints":{"allow":["GET"]}}],"collection":[{"href":"https:\/\/kanzlei-lvs.de\/en\/wp-json\/wp\/v2\/pages"}],"about":[{"href":"https:\/\/kanzlei-lvs.de\/en\/wp-json\/wp\/v2\/types\/page"}],"author":[{"embeddable":true,"href":"https:\/\/kanzlei-lvs.de\/en\/wp-json\/wp\/v2\/users\/1"}],"replies":[{"embeddable":true,"href":"https:\/\/kanzlei-lvs.de\/en\/wp-json\/wp\/v2\/comments?post=1000"}],"version-history":[{"count":13,"href":"https:\/\/kanzlei-lvs.de\/en\/wp-json\/wp\/v2\/pages\/1000\/revisions"}],"predecessor-version":[{"id":1765,"href":"https:\/\/kanzlei-lvs.de\/en\/wp-json\/wp\/v2\/pages\/1000\/revisions\/1765"}],"wp:attachment":[{"href":"https:\/\/kanzlei-lvs.de\/en\/wp-json\/wp\/v2\/media?parent=1000"}],"curies":[{"name":"wp","href":"https:\/\/api.w.org\/{rel}","templated":true}]}}