{"id":992,"date":"2022-09-08T08:50:32","date_gmt":"2022-09-08T08:50:32","guid":{"rendered":"http:\/\/kanzlei-lvs.de\/?page_id=992"},"modified":"2023-08-19T09:39:46","modified_gmt":"2023-08-19T09:39:46","slug":"impressum","status":"publish","type":"page","link":"https:\/\/kanzlei-lvs.de\/en\/impressum\/","title":{"rendered":"Legal Notices"},"content":{"rendered":"<div data-elementor-type=\"wp-page\" data-elementor-id=\"992\" class=\"elementor elementor-992\" data-elementor-post-type=\"page\">\n\t\t\t\t\t\t<section class=\"elementor-section elementor-top-section elementor-element elementor-element-59d9a40 elementor-section-boxed elementor-section-height-default elementor-section-height-default\" data-id=\"59d9a40\" data-element_type=\"section\" data-e-type=\"section\">\n\t\t\t\t\t\t<div class=\"elementor-container elementor-column-gap-default\">\n\t\t\t\t\t<div class=\"elementor-column elementor-col-100 elementor-top-column elementor-element elementor-element-ac76884\" data-id=\"ac76884\" data-element_type=\"column\" data-e-type=\"column\">\n\t\t\t<div class=\"elementor-widget-wrap elementor-element-populated\">\n\t\t\t\t\t\t<div class=\"elementor-element elementor-element-b86e2a8 elementor-widget elementor-widget-heading\" data-id=\"b86e2a8\" data-element_type=\"widget\" data-e-type=\"widget\" data-widget_type=\"heading.default\">\n\t\t\t\t<div class=\"elementor-widget-container\">\n\t\t\t\t\t<h2 class=\"elementor-heading-title elementor-size-default\">Legal Notices<\/h2>\t\t\t\t<\/div>\n\t\t\t\t<\/div>\n\t\t\t\t<div class=\"elementor-element elementor-element-71e0e25 elementor-widget elementor-widget-text-editor\" data-id=\"71e0e25\" data-element_type=\"widget\" data-e-type=\"widget\" data-widget_type=\"text-editor.default\">\n\t\t\t\t<div class=\"elementor-widget-container\">\n\t\t\t\t\t\t\t\t\t<p>Partnerschaftsgesellschaft von Rechtsanw\u00e4lten mit Sitz in Hamburg<br>Eingetragen im Partnerschaftsregister des Amtsgerichts Hamburg unter PR 808<\/p>\n<p>Vertretungsberechtigte Partner:<br>Dr. Marc Langrock, Dr. Marko Vo\u00df, Dr. Till Soyka, LL.M. (Harvard)<\/p>\n<p>Alle in der Partnerschaftsgesellschaft t\u00e4tigen Rechtsanw\u00e4lte sind nach dem Recht der Bundesrepublik Deutschland zugelassen. Sie sind Mitglieder der Hanseatischen Rechtsanwaltskammer und unterliegen deren Aufsicht:<\/p>\n<p>Hanseatische Rechtsanwaltskammer Hamburg<br>Bleichenbr\u00fccke 9, 20354 Hamburg<br>T +49 40 35 74 41-0<br>F + 49 40 35 74 41-41<br><a title=\"Rechtsanwaltskammer Hamburg\" href=\"http:\/\/www.rechtsanwaltskammerhamburg.de\/\" target=\"_blank\" rel=\"noopener\">www.rechtsanwaltskammerhamburg.de<\/a><\/p><p><br><span style=\"color: var( --e-global-color-text ); font-family: var( --e-global-typography-text-font-family ), Sans-serif; font-size: var( --e-global-typography-text-font-size ); font-weight: var( --e-global-typography-text-font-weight );\">Die Berufshaftpflichtversicherung besteht \u00fcber die ERGO Versicherung AG, Victoriaplatz 1, 40198 D\u00fcsseldorf. Der r\u00e4umliche Geltungsbereich des Versicherungsschutzes umfasst T\u00e4tigkeiten in Europa und gen\u00fcgt damit mindestens den Anforderungen der Vorschrift gem\u00e4\u00df \u00a7 51 Bundesrechtsanwaltsordnung (BRAO).<\/span><\/p>\n<p>Rechtsanw\u00e4lte sind aufgrund der Bundesrechtsanwaltsordnung verpflichtet, eine Berufshaftpflichtversicherung mit einer Mindestversicherungssumme von EUR 250.000,00 zu unterhalten. Die Einzelheiten ergeben sich aus \u00a7 51 Bundesrechtsanwaltsordnung (BRAO). Der bestehende Versicherungsschutz erf\u00fcllt mindestens die gesetzlichen Anforderungen.<\/p>\n<p>Die f\u00fcr Rechtsanw\u00e4lte ma\u00dfgeblichen berufsrechtlichen Regelungen k\u00f6nnen \u00fcber die Homepage der Bundesrechtsanwaltskammer (www.brak.de) in der Rubrik \u201eBerufsrecht\u201c eingesehen und abgerufen werden. Hierzu z\u00e4hlen insbesondere:<\/p>\n<ul>\n<li>Bundesrechtsanwaltsordnung (BRAO)<\/li>\n<li>Berufsordnung f\u00fcr Rechtsanw\u00e4lte (BORA)<\/li>\n<li>Fachanwaltsordnung (FAO)<\/li>\n<li>Gesetz \u00fcber die Verg\u00fctung der Rechtsanw\u00e4ltinnen und Rechtsanw\u00e4lte (RVG)<\/li>\n<li>Berufsregeln der Rechtsanw\u00e4lte der Europ\u00e4ischen Union (CCBE)<br><br><\/li>\n<\/ul>\n<p>Die Informationen auf dieser Homepage dienen der Darstellung der Langrock Vo\u00df &amp; Soyka Partnerschaftsgesellschaft von Rechtsanw\u00e4lten. Sie stellen keine Rechtsberatung dar und k\u00f6nnen diese auch nicht ersetzen. Es wurden alle zumutbaren Anstrengungen unternommen, um auf dieser Homepage richtige und vollst\u00e4ndige Informationen zur Verf\u00fcgung zu stellen. Die Partnerschaftsgesellschaft \u00fcbernimmt jedoch keine Gew\u00e4hr f\u00fcr Aktualit\u00e4t, Richtigkeit und Vollst\u00e4ndigkeit der auf dieser Homepage enthaltenen Informationen. Das Urheberrecht an dem Inhalt dieser Homepage oder Teilen davon steht der Partnerschaftsgesellschaft zu. Die Vervielf\u00e4ltigung oder Verbreitung der hier bereitgestellten Texte bedarf ihrer vorherigen schriftlichen Zustimmung. Die rechtlichen Hinweise auf dieser Homepage sowie alle Fragen und Streitigkeiten im Zusammenhang mit dieser Homepage unterliegen dem Recht der Bundesrepublik Deutschland.<\/p>\t\t\t\t\t\t\t\t<\/div>\n\t\t\t\t<\/div>\n\t\t\t\t\t<\/div>\n\t\t<\/div>\n\t\t\t\t\t<\/div>\n\t\t<\/section>\n\t\t\t\t<\/div>","protected":false},"excerpt":{"rendered":"<p>Impressum Partnerschaftsgesellschaft von Rechtsanw\u00e4lten mit Sitz in Hamburg Eingetragen im Partnerschaftsregister des Amtsgerichts Hamburg unter PR 808 Vertretungsberechtigte Partner: Dr. Marc Langrock, Dr. Marko Vo\u00df, Dr. Till Soyka, LL.M. (Harvard) Alle in der Partnerschaftsgesellschaft t\u00e4tigen Rechtsanw\u00e4lte sind nach dem Recht der Bundesrepublik Deutschland zugelassen. Sie sind Mitglieder der Hanseatischen Rechtsanwaltskammer und unterliegen deren Aufsicht: Hanseatische [&hellip;]<\/p>\n","protected":false},"author":1,"featured_media":0,"parent":0,"menu_order":0,"comment_status":"closed","ping_status":"closed","template":"","meta":{"_acf_changed":false,"footnotes":""},"class_list":["post-992","page","type-page","status-publish","hentry"],"acf":[],"yoast_head":"<!-- This site is optimized with the Yoast SEO plugin v27.4 - https:\/\/yoast.com\/product\/yoast-seo-wordpress\/ -->\n<title>Impressum - Kanzlei LVS<\/title>\n<meta name=\"robots\" content=\"noindex, follow\" \/>\n<meta property=\"og:locale\" content=\"en_GB\" \/>\n<meta property=\"og:type\" content=\"article\" \/>\n<meta property=\"og:title\" content=\"Impressum - Kanzlei LVS\" \/>\n<meta property=\"og:description\" content=\"Impressum Partnerschaftsgesellschaft von Rechtsanw\u00e4lten mit Sitz in Hamburg Eingetragen im Partnerschaftsregister des Amtsgerichts Hamburg unter PR 808 Vertretungsberechtigte Partner: Dr. Marc Langrock, Dr. Marko Vo\u00df, Dr. Till Soyka, LL.M. (Harvard) Alle in der Partnerschaftsgesellschaft t\u00e4tigen Rechtsanw\u00e4lte sind nach dem Recht der Bundesrepublik Deutschland zugelassen. Sie sind Mitglieder der Hanseatischen Rechtsanwaltskammer und unterliegen deren Aufsicht: Hanseatische [&hellip;]\" \/>\n<meta property=\"og:url\" content=\"https:\/\/kanzlei-lvs.de\/en\/impressum\/\" \/>\n<meta property=\"og:site_name\" content=\"Kanzlei LVS\" \/>\n<meta property=\"article:modified_time\" content=\"2023-08-19T09:39:46+00:00\" \/>\n<meta name=\"twitter:card\" content=\"summary_large_image\" \/>\n<meta name=\"twitter:label1\" content=\"Estimated reading time\" \/>\n\t<meta name=\"twitter:data1\" content=\"2 minutes\" \/>\n<script type=\"application\/ld+json\" class=\"yoast-schema-graph\">{\"@context\":\"https:\\\/\\\/schema.org\",\"@graph\":[{\"@type\":\"WebPage\",\"@id\":\"https:\\\/\\\/kanzlei-lvs.de\\\/impressum\\\/\",\"url\":\"https:\\\/\\\/kanzlei-lvs.de\\\/impressum\\\/\",\"name\":\"Impressum - Kanzlei LVS\",\"isPartOf\":{\"@id\":\"https:\\\/\\\/kanzlei-lvs.de\\\/#website\"},\"datePublished\":\"2022-09-08T08:50:32+00:00\",\"dateModified\":\"2023-08-19T09:39:46+00:00\",\"breadcrumb\":{\"@id\":\"https:\\\/\\\/kanzlei-lvs.de\\\/impressum\\\/#breadcrumb\"},\"inLanguage\":\"en-GB\",\"potentialAction\":[{\"@type\":\"ReadAction\",\"target\":[\"https:\\\/\\\/kanzlei-lvs.de\\\/impressum\\\/\"]}]},{\"@type\":\"BreadcrumbList\",\"@id\":\"https:\\\/\\\/kanzlei-lvs.de\\\/impressum\\\/#breadcrumb\",\"itemListElement\":[{\"@type\":\"ListItem\",\"position\":1,\"name\":\"Home\",\"item\":\"https:\\\/\\\/kanzlei-lvs.de\\\/\"},{\"@type\":\"ListItem\",\"position\":2,\"name\":\"Impressum\"}]},{\"@type\":\"WebSite\",\"@id\":\"https:\\\/\\\/kanzlei-lvs.de\\\/#website\",\"url\":\"https:\\\/\\\/kanzlei-lvs.de\\\/\",\"name\":\"Kanzlei LVS\",\"description\":\"\",\"potentialAction\":[{\"@type\":\"SearchAction\",\"target\":{\"@type\":\"EntryPoint\",\"urlTemplate\":\"https:\\\/\\\/kanzlei-lvs.de\\\/?s={search_term_string}\"},\"query-input\":{\"@type\":\"PropertyValueSpecification\",\"valueRequired\":true,\"valueName\":\"search_term_string\"}}],\"inLanguage\":\"en-GB\"}]}<\/script>\n<!-- \/ Yoast SEO plugin. -->","yoast_head_json":{"title":"Impressum - Kanzlei LVS","robots":{"index":"noindex","follow":"follow"},"og_locale":"en_GB","og_type":"article","og_title":"Impressum - Kanzlei LVS","og_description":"Impressum Partnerschaftsgesellschaft von Rechtsanw\u00e4lten mit Sitz in Hamburg Eingetragen im Partnerschaftsregister des Amtsgerichts Hamburg unter PR 808 Vertretungsberechtigte Partner: Dr. Marc Langrock, Dr. Marko Vo\u00df, Dr. Till Soyka, LL.M. (Harvard) Alle in der Partnerschaftsgesellschaft t\u00e4tigen Rechtsanw\u00e4lte sind nach dem Recht der Bundesrepublik Deutschland zugelassen. Sie sind Mitglieder der Hanseatischen Rechtsanwaltskammer und unterliegen deren Aufsicht: Hanseatische [&hellip;]","og_url":"https:\/\/kanzlei-lvs.de\/en\/impressum\/","og_site_name":"Kanzlei LVS","article_modified_time":"2023-08-19T09:39:46+00:00","twitter_card":"summary_large_image","twitter_misc":{"Estimated reading time":"2 minutes"},"schema":{"@context":"https:\/\/schema.org","@graph":[{"@type":"WebPage","@id":"https:\/\/kanzlei-lvs.de\/impressum\/","url":"https:\/\/kanzlei-lvs.de\/impressum\/","name":"Impressum - Kanzlei LVS","isPartOf":{"@id":"https:\/\/kanzlei-lvs.de\/#website"},"datePublished":"2022-09-08T08:50:32+00:00","dateModified":"2023-08-19T09:39:46+00:00","breadcrumb":{"@id":"https:\/\/kanzlei-lvs.de\/impressum\/#breadcrumb"},"inLanguage":"en-GB","potentialAction":[{"@type":"ReadAction","target":["https:\/\/kanzlei-lvs.de\/impressum\/"]}]},{"@type":"BreadcrumbList","@id":"https:\/\/kanzlei-lvs.de\/impressum\/#breadcrumb","itemListElement":[{"@type":"ListItem","position":1,"name":"Home","item":"https:\/\/kanzlei-lvs.de\/"},{"@type":"ListItem","position":2,"name":"Impressum"}]},{"@type":"WebSite","@id":"https:\/\/kanzlei-lvs.de\/#website","url":"https:\/\/kanzlei-lvs.de\/","name":"Kanzlei LVS","description":"","potentialAction":[{"@type":"SearchAction","target":{"@type":"EntryPoint","urlTemplate":"https:\/\/kanzlei-lvs.de\/?s={search_term_string}"},"query-input":{"@type":"PropertyValueSpecification","valueRequired":true,"valueName":"search_term_string"}}],"inLanguage":"en-GB"}]}},"_links":{"self":[{"href":"https:\/\/kanzlei-lvs.de\/en\/wp-json\/wp\/v2\/pages\/992","targetHints":{"allow":["GET"]}}],"collection":[{"href":"https:\/\/kanzlei-lvs.de\/en\/wp-json\/wp\/v2\/pages"}],"about":[{"href":"https:\/\/kanzlei-lvs.de\/en\/wp-json\/wp\/v2\/types\/page"}],"author":[{"embeddable":true,"href":"https:\/\/kanzlei-lvs.de\/en\/wp-json\/wp\/v2\/users\/1"}],"replies":[{"embeddable":true,"href":"https:\/\/kanzlei-lvs.de\/en\/wp-json\/wp\/v2\/comments?post=992"}],"version-history":[{"count":14,"href":"https:\/\/kanzlei-lvs.de\/en\/wp-json\/wp\/v2\/pages\/992\/revisions"}],"predecessor-version":[{"id":1814,"href":"https:\/\/kanzlei-lvs.de\/en\/wp-json\/wp\/v2\/pages\/992\/revisions\/1814"}],"wp:attachment":[{"href":"https:\/\/kanzlei-lvs.de\/en\/wp-json\/wp\/v2\/media?parent=992"}],"curies":[{"name":"wp","href":"https:\/\/api.w.org\/{rel}","templated":true}]}}